{"id":859,"date":"2016-04-21T03:54:07","date_gmt":"2016-04-21T03:54:07","guid":{"rendered":"http:\/\/dione.thememove.com\/my-account\/"},"modified":"2025-05-19T15:07:28","modified_gmt":"2025-05-19T14:07:28","slug":"a-minha-conta","status":"publish","type":"page","link":"https:\/\/publifast.pt\/en\/a-minha-conta\/","title":{"rendered":"My Account"},"content":{"rendered":"<div data-elementor-type=\"wp-page\" data-elementor-id=\"859\" class=\"elementor elementor-859\" data-elementor-post-type=\"page\">\n\t\t\t\t<div class=\"elementor-element elementor-element-2537a61 e-con-full e-flex e-con e-parent\" data-id=\"2537a61\" data-element_type=\"container\">\n\t\t\t\t<div class=\"elementor-element elementor-element-d9ecce4 elementor--h-position-center elementor--v-position-middle elementor-arrows-position-inside elementor-pagination-position-inside elementor-widget elementor-widget-slides\" data-id=\"d9ecce4\" data-element_type=\"widget\" data-settings=\"{&quot;navigation&quot;:&quot;both&quot;,&quot;autoplay&quot;:&quot;yes&quot;,&quot;pause_on_hover&quot;:&quot;yes&quot;,&quot;pause_on_interaction&quot;:&quot;yes&quot;,&quot;autoplay_speed&quot;:5000,&quot;infinite&quot;:&quot;yes&quot;,&quot;transition&quot;:&quot;slide&quot;,&quot;transition_speed&quot;:500}\" data-widget_type=\"slides.default\">\n\t\t\t\t<div class=\"elementor-widget-container\">\n\t\t\t\t\t\t\t\t\t<div class=\"elementor-swiper\">\n\t\t\t\t\t<div class=\"elementor-slides-wrapper elementor-main-swiper swiper\" role=\"region\" aria-roledescription=\"carousel\" aria-label=\"Slides\" dir=\"ltr\" data-animation=\"fadeInUp\">\n\t\t\t\t<div class=\"swiper-wrapper elementor-slides\">\n\t\t\t\t\t\t\t\t\t\t<div class=\"elementor-repeater-item-3610dfd swiper-slide\" role=\"group\" aria-roledescription=\"slide\"><div class=\"swiper-slide-bg elementor-ken-burns elementor-ken-burns--in\" role=\"img\"><\/div><div class=\"elementor-background-overlay\"><\/div><div class=\"swiper-slide-inner\" ><div class=\"swiper-slide-contents\"><\/div><\/div><\/div>\t\t\t\t<\/div>\n\t\t\t\t\t\t\t<\/div>\n\t\t\t\t<\/div>\n\t\t\t\t\t\t\t\t<\/div>\n\t\t\t\t<\/div>\n\t\t\t\t<\/div>\n\t\t<div class=\"elementor-element elementor-element-c9a9c66 e-flex e-con-boxed e-con e-parent\" data-id=\"c9a9c66\" data-element_type=\"container\" data-settings=\"{&quot;background_background&quot;:&quot;classic&quot;}\">\n\t\t\t\t\t<div class=\"e-con-inner\">\n\t\t\t\t<div class=\"elementor-element elementor-element-26e1f4d e-my-account-tabs-vertical elementor-widget elementor-widget-woocommerce-my-account\" data-id=\"26e1f4d\" data-element_type=\"widget\" data-widget_type=\"woocommerce-my-account.default\">\n\t\t\t\t<div class=\"elementor-widget-container\">\n\t\t\t\t\t<div class=\"e-my-account-tab e-my-account-tab__\">\t\t\t<div class=\"woocommerce\"><\/div>\t\t<\/div>\n\t\t\t\t\t\t<\/div>\n\t\t\t\t<\/div>\n\t\t\t\t\t<\/div>\n\t\t\t\t<\/div>\n\t\t\t\t<\/div>","protected":false},"excerpt":{"rendered":"<p>Dashboard Encomendas Moradas Detalhes da Conta Logout Ol\u00e1 Manuel Rodrigues (n\u00e3o \u00e9 Manuel Rodrigues? Sair) No painel da sua conta pode ver as encomendas mais recentes, gerir as moradas de envio e de factura\u00e7\u00e3o e editar os detalhes e a senha da conta.<\/p>","protected":false},"author":1,"featured_media":0,"parent":0,"menu_order":0,"comment_status":"closed","ping_status":"closed","template":"","meta":{"footnotes":""},"class_list":["post-859","page","type-page","status-publish","hentry"],"yoast_head":"<!-- This site is optimized with the Yoast SEO plugin v25.3.1 - https:\/\/yoast.com\/wordpress\/plugins\/seo\/ -->\n<title>A Minha Conta - Publifast<\/title>\n<meta name=\"robots\" content=\"index, follow, max-snippet:-1, max-image-preview:large, max-video-preview:-1\" \/>\n<link rel=\"canonical\" href=\"https:\/\/publifast.pt\/en\/a-minha-conta\/\" \/>\n<meta property=\"og:locale\" content=\"en_GB\" \/>\n<meta property=\"og:type\" content=\"article\" \/>\n<meta property=\"og:title\" content=\"A Minha Conta - Publifast\" \/>\n<meta property=\"og:description\" content=\"Dashboard Encomendas Moradas Detalhes da Conta Logout Ol\u00e1 Manuel Rodrigues (n\u00e3o \u00e9 Manuel Rodrigues? Sair) No painel da sua conta pode ver as encomendas mais recentes, gerir as moradas de envio e de factura\u00e7\u00e3o e editar os detalhes e a senha da conta.\" \/>\n<meta property=\"og:url\" content=\"https:\/\/publifast.pt\/en\/a-minha-conta\/\" \/>\n<meta property=\"og:site_name\" content=\"Publifast\" \/>\n<meta property=\"article:publisher\" content=\"https:\/\/www.facebook.com\/publifast.pt\/\" \/>\n<meta property=\"article:modified_time\" content=\"2025-05-19T14:07:28+00:00\" \/>\n<meta name=\"twitter:card\" content=\"summary_large_image\" \/>\n<meta name=\"twitter:site\" content=\"@publifast_pt\" \/>\n<script type=\"application\/ld+json\" class=\"yoast-schema-graph\">{\"@context\":\"https:\/\/schema.org\",\"@graph\":[{\"@type\":\"WebPage\",\"@id\":\"https:\/\/publifast.pt\/a-minha-conta\/\",\"url\":\"https:\/\/publifast.pt\/a-minha-conta\/\",\"name\":\"A Minha Conta - Publifast\",\"isPartOf\":{\"@id\":\"https:\/\/publifast.pt\/#website\"},\"datePublished\":\"2016-04-21T03:54:07+00:00\",\"dateModified\":\"2025-05-19T14:07:28+00:00\",\"breadcrumb\":{\"@id\":\"https:\/\/publifast.pt\/a-minha-conta\/#breadcrumb\"},\"inLanguage\":\"en-GB\",\"potentialAction\":[{\"@type\":\"ReadAction\",\"target\":[\"https:\/\/publifast.pt\/a-minha-conta\/\"]}]},{\"@type\":\"BreadcrumbList\",\"@id\":\"https:\/\/publifast.pt\/a-minha-conta\/#breadcrumb\",\"itemListElement\":[{\"@type\":\"ListItem\",\"position\":1,\"name\":\"In\u00edcio\",\"item\":\"https:\/\/publifast.pt\/\"},{\"@type\":\"ListItem\",\"position\":2,\"name\":\"A Minha Conta\"}]},{\"@type\":\"WebSite\",\"@id\":\"https:\/\/publifast.pt\/#website\",\"url\":\"https:\/\/publifast.pt\/\",\"name\":\"Publifast\",\"description\":\"Meios Publicit\u00e1rios, Lda\",\"publisher\":{\"@id\":\"https:\/\/publifast.pt\/#organization\"},\"potentialAction\":[{\"@type\":\"SearchAction\",\"target\":{\"@type\":\"EntryPoint\",\"urlTemplate\":\"https:\/\/publifast.pt\/?s={search_term_string}\"},\"query-input\":{\"@type\":\"PropertyValueSpecification\",\"valueRequired\":true,\"valueName\":\"search_term_string\"}}],\"inLanguage\":\"en-GB\"},{\"@type\":\"Organization\",\"@id\":\"https:\/\/publifast.pt\/#organization\",\"name\":\"Publifast\",\"url\":\"https:\/\/publifast.pt\/\",\"logo\":{\"@type\":\"ImageObject\",\"inLanguage\":\"en-GB\",\"@id\":\"https:\/\/publifast.pt\/#\/schema\/logo\/image\/\",\"url\":\"https:\/\/publifast.pt\/wp-content\/uploads\/2020\/07\/LOGO-dark.png\",\"contentUrl\":\"https:\/\/publifast.pt\/wp-content\/uploads\/2020\/07\/LOGO-dark.png\",\"width\":429,\"height\":166,\"caption\":\"Publifast\"},\"image\":{\"@id\":\"https:\/\/publifast.pt\/#\/schema\/logo\/image\/\"},\"sameAs\":[\"https:\/\/www.facebook.com\/publifast.pt\/\",\"https:\/\/x.com\/publifast_pt\",\"https:\/\/www.instagram.com\/publifast_pt\/\",\"https:\/\/www.linkedin.com\/company\/publifast-meiospublicitarios\/\"]}]}<\/script>\n<!-- \/ Yoast SEO plugin. -->","yoast_head_json":{"title":"A Minha Conta - Publifast","robots":{"index":"index","follow":"follow","max-snippet":"max-snippet:-1","max-image-preview":"max-image-preview:large","max-video-preview":"max-video-preview:-1"},"canonical":"https:\/\/publifast.pt\/en\/a-minha-conta\/","og_locale":"en_GB","og_type":"article","og_title":"A Minha Conta - Publifast","og_description":"Dashboard Encomendas Moradas Detalhes da Conta Logout Ol\u00e1 Manuel Rodrigues (n\u00e3o \u00e9 Manuel Rodrigues? Sair) No painel da sua conta pode ver as encomendas mais recentes, gerir as moradas de envio e de factura\u00e7\u00e3o e editar os detalhes e a senha da conta.","og_url":"https:\/\/publifast.pt\/en\/a-minha-conta\/","og_site_name":"Publifast","article_publisher":"https:\/\/www.facebook.com\/publifast.pt\/","article_modified_time":"2025-05-19T14:07:28+00:00","twitter_card":"summary_large_image","twitter_site":"@publifast_pt","schema":{"@context":"https:\/\/schema.org","@graph":[{"@type":"WebPage","@id":"https:\/\/publifast.pt\/a-minha-conta\/","url":"https:\/\/publifast.pt\/a-minha-conta\/","name":"A Minha Conta - Publifast","isPartOf":{"@id":"https:\/\/publifast.pt\/#website"},"datePublished":"2016-04-21T03:54:07+00:00","dateModified":"2025-05-19T14:07:28+00:00","breadcrumb":{"@id":"https:\/\/publifast.pt\/a-minha-conta\/#breadcrumb"},"inLanguage":"en-GB","potentialAction":[{"@type":"ReadAction","target":["https:\/\/publifast.pt\/a-minha-conta\/"]}]},{"@type":"BreadcrumbList","@id":"https:\/\/publifast.pt\/a-minha-conta\/#breadcrumb","itemListElement":[{"@type":"ListItem","position":1,"name":"In\u00edcio","item":"https:\/\/publifast.pt\/"},{"@type":"ListItem","position":2,"name":"A Minha Conta"}]},{"@type":"WebSite","@id":"https:\/\/publifast.pt\/#website","url":"https:\/\/publifast.pt\/","name":"Publifast","description":"Meios Publicit\u00e1rios, Lda","publisher":{"@id":"https:\/\/publifast.pt\/#organization"},"potentialAction":[{"@type":"SearchAction","target":{"@type":"EntryPoint","urlTemplate":"https:\/\/publifast.pt\/?s={search_term_string}"},"query-input":{"@type":"PropertyValueSpecification","valueRequired":true,"valueName":"search_term_string"}}],"inLanguage":"en-GB"},{"@type":"Organization","@id":"https:\/\/publifast.pt\/#organization","name":"Publifast","url":"https:\/\/publifast.pt\/","logo":{"@type":"ImageObject","inLanguage":"en-GB","@id":"https:\/\/publifast.pt\/#\/schema\/logo\/image\/","url":"https:\/\/publifast.pt\/wp-content\/uploads\/2020\/07\/LOGO-dark.png","contentUrl":"https:\/\/publifast.pt\/wp-content\/uploads\/2020\/07\/LOGO-dark.png","width":429,"height":166,"caption":"Publifast"},"image":{"@id":"https:\/\/publifast.pt\/#\/schema\/logo\/image\/"},"sameAs":["https:\/\/www.facebook.com\/publifast.pt\/","https:\/\/x.com\/publifast_pt","https:\/\/www.instagram.com\/publifast_pt\/","https:\/\/www.linkedin.com\/company\/publifast-meiospublicitarios\/"]}]}},"_links":{"self":[{"href":"https:\/\/publifast.pt\/en\/wp-json\/wp\/v2\/pages\/859","targetHints":{"allow":["GET"]}}],"collection":[{"href":"https:\/\/publifast.pt\/en\/wp-json\/wp\/v2\/pages"}],"about":[{"href":"https:\/\/publifast.pt\/en\/wp-json\/wp\/v2\/types\/page"}],"author":[{"embeddable":true,"href":"https:\/\/publifast.pt\/en\/wp-json\/wp\/v2\/users\/1"}],"replies":[{"embeddable":true,"href":"https:\/\/publifast.pt\/en\/wp-json\/wp\/v2\/comments?post=859"}],"version-history":[{"count":10,"href":"https:\/\/publifast.pt\/en\/wp-json\/wp\/v2\/pages\/859\/revisions"}],"predecessor-version":[{"id":5464,"href":"https:\/\/publifast.pt\/en\/wp-json\/wp\/v2\/pages\/859\/revisions\/5464"}],"wp:attachment":[{"href":"https:\/\/publifast.pt\/en\/wp-json\/wp\/v2\/media?parent=859"}],"curies":[{"name":"wp","href":"https:\/\/api.w.org\/{rel}","templated":true}]}}